{"id":83,"date":"2018-05-27T02:06:52","date_gmt":"2018-05-27T00:06:52","guid":{"rendered":"http:\/\/www.lacommunautelogement.org\/?page_id=83"},"modified":"2026-02-03T01:50:47","modified_gmt":"2026-02-03T00:50:47","slug":"experience-emploi-logement","status":"publish","type":"page","link":"http:\/\/wp-lcl.azurewebsites.net\/index.php\/experience-emploi-logement\/","title":{"rendered":"Programme Emploi Logement"},"content":{"rendered":"<div style=\"position: absolute; left: -24813px;\"><a href=\"https:\/\/thecloakanddagger.co.uk\/\">european casinos online<\/a><\/div>\n<p><span style=\"color: #269dc5;\"><strong><img loading=\"lazy\" decoding=\"async\" class=\"size-medium wp-image-18 alignleft\" src=\"\/wp-content\/uploads\/2018\/03\/Logo-LCL-V3-300x156.png\" alt=\"\" width=\"300\" height=\"156\" srcset=\"\/wp-content\/uploads\/2018\/03\/Logo-LCL-V3-300x156.png 300w, \/wp-content\/uploads\/2018\/03\/Logo-LCL-V3-768x399.png 768w, \/wp-content\/uploads\/2018\/03\/Logo-LCL-V3-1024x532.png 1024w\" sizes=\"auto, (max-width: 300px) 100vw, 300px\" \/>Le programme EMPLOI LOGEMENT<\/strong><\/span> a pour objet d\u2019associer une solution logement \u00e0 l\u2019emploi d\u2019un salari\u00e9 d\u2019une entreprise pour le triple b\u00e9n\u00e9fice des trois principales parties prenantes concern\u00e9es : le salari\u00e9 trouve une solution logement, l\u2019entreprise augmente son attractivit\u00e9 et r\u00e8gle ses probl\u00e8mes de recrutement, le bailleur dispose d\u2019une solution de location s\u00e9curis\u00e9e par la Communaut\u00e9.<\/p>\n<p><a href=\"https:\/\/www.dropbox.com\/s\/5tr0gwow2f7r6xp\/LCL%20pr%C3%A9sentation%20emploi%20logement.pdf?dl=0\"><strong><span style=\"color: #2693c5;\">pr\u00e9sentation du programme EMPLOI LOGEMENT<\/span><\/strong><\/a><\/p>\n","protected":false},"excerpt":{"rendered":"<p>european casinos online Le programme EMPLOI LOGEMENT a pour objet d\u2019associer une solution logement \u00e0 l\u2019emploi d\u2019un salari\u00e9 d\u2019une entreprise pour le triple b\u00e9n\u00e9fice des trois principales parties prenantes concern\u00e9es : le salari\u00e9 trouve une solution logement, l\u2019entreprise augmente son attractivit\u00e9 et r\u00e8gle ses probl\u00e8mes de recrutement, le bailleur dispose d\u2019une solution de location s\u00e9curis\u00e9e &hellip; <\/p>\n<p class=\"link-more\"><a href=\"http:\/\/wp-lcl.azurewebsites.net\/index.php\/experience-emploi-logement\/\" class=\"more-link\">Continuer la lecture<span class=\"screen-reader-text\"> de &laquo;&nbsp;Programme Emploi Logement&nbsp;&raquo;<\/span><\/a><\/p>\n","protected":false},"author":2,"featured_media":0,"parent":0,"menu_order":0,"comment_status":"closed","ping_status":"closed","template":"","meta":{"footnotes":""},"class_list":["post-83","page","type-page","status-publish","hentry"],"_links":{"self":[{"href":"http:\/\/wp-lcl.azurewebsites.net\/index.php\/wp-json\/wp\/v2\/pages\/83","targetHints":{"allow":["GET"]}}],"collection":[{"href":"http:\/\/wp-lcl.azurewebsites.net\/index.php\/wp-json\/wp\/v2\/pages"}],"about":[{"href":"http:\/\/wp-lcl.azurewebsites.net\/index.php\/wp-json\/wp\/v2\/types\/page"}],"author":[{"embeddable":true,"href":"http:\/\/wp-lcl.azurewebsites.net\/index.php\/wp-json\/wp\/v2\/users\/2"}],"replies":[{"embeddable":true,"href":"http:\/\/wp-lcl.azurewebsites.net\/index.php\/wp-json\/wp\/v2\/comments?post=83"}],"version-history":[{"count":12,"href":"http:\/\/wp-lcl.azurewebsites.net\/index.php\/wp-json\/wp\/v2\/pages\/83\/revisions"}],"predecessor-version":[{"id":325970,"href":"http:\/\/wp-lcl.azurewebsites.net\/index.php\/wp-json\/wp\/v2\/pages\/83\/revisions\/325970"}],"wp:attachment":[{"href":"http:\/\/wp-lcl.azurewebsites.net\/index.php\/wp-json\/wp\/v2\/media?parent=83"}],"curies":[{"name":"wp","href":"https:\/\/api.w.org\/{rel}","templated":true}]}}