{"id":397941,"date":"2026-03-24T12:59:24","date_gmt":"2026-03-24T11:59:24","guid":{"rendered":"https:\/\/wp-lcl.azurewebsites.net\/?page_id=397941"},"modified":"2026-03-24T12:59:24","modified_gmt":"2026-03-24T11:59:24","slug":"co-to-jest-zel-doustny-apcalis-sx-i-jak-dziala","status":"publish","type":"page","link":"http:\/\/wp-lcl.azurewebsites.net\/index.php\/co-to-jest-zel-doustny-apcalis-sx-i-jak-dziala\/","title":{"rendered":"Co to jest \u017cel doustny Apcalis SX i jak dzia\u0142a?"},"content":{"rendered":"<h1>Cz\u0119sto zadawane pytania dotycz\u0105ce \u017celu doustnego Apcalis SX<\/h1>\n<p>Apcalis SX Oral Jelly to popularny lek na zaburzenia erekcji, oferuj\u0105cy unikaln\u0105 metod\u0119 podawania i szybk\u0105 skuteczno\u015b\u0107, ale rodzi kilka pyta\u0144 w\u015br\u00f3d u\u017cytkownik\u00f3w.<\/p>\n<h2>Co to jest \u017cel doustny Apcalis SX i jak dzia\u0142a?<\/h2>\n<p>Apcalis SX Oral Jelly to lek doustny opracowany specjalnie w celu leczenia zaburze\u0144 erekcji (ED) u m\u0119\u017cczyzn. Jest to generyczna forma tadalafilu, aktywnego sk\u0142adnika znanej marki Cialis. W odr\u00f3\u017cnieniu od tradycyjnych tabletek, lek ten ma posta\u0107 galarety, co pozwala na szybsze wch\u0142anianie do krwioobiegu. Substancja czynna, tadalafil, jest inhibitorem fosfodiesterazy typu 5 (PDE5), kt\u00f3ry dzia\u0142a poprzez zwi\u0119kszenie przep\u0142ywu krwi do pr\u0105cia, u\u0142atwiaj\u0105c erekcj\u0119 w po\u0142\u0105czeniu ze stymulacj\u0105 seksualn\u0105.<\/p>\n<p>Formu\u0142a galaretki stanowi wygodn\u0105 i dyskretn\u0105 alternatyw\u0119 dla os\u00f3b, kt\u00f3re mog\u0105 mie\u0107 trudno\u015bci z po\u0142ykaniem tabletek. Jego szybki pocz\u0105tek sprawia, \u017ce \u200b\u200bjest to preferowany wyb\u00f3r dla wielu os\u00f3b, poniewa\u017c mo\u017ce zacz\u0105\u0107 dzia\u0142a\u0107 ju\u017c w 15 minut po spo\u017cyciu. To sprawia, \u017ce \u200b\u200bApcalis SX Oral Jelly jest skutecznym i praktycznym rozwi\u0105zaniem dla os\u00f3b poszukuj\u0105cych ulgi w objawach zaburze\u0144 erekcji.<\/p>\n<h2>Jak nale\u017cy przyjmowa\u0107 Apcalis SX Oral Jelly?<\/h2>\n<p>Apcalis SX Oral Jelly nale\u017cy przyjmowa\u0107 doustnie, bezpo\u015brednio z saszetki. Wa\u017cne jest, aby spo\u017cy\u0107 galaretk\u0119 na oko\u0142o 15 do 30 minut przed planowan\u0105 aktywno\u015bci\u0105 seksualn\u0105, tak aby lek zacz\u0105\u0142 dzia\u0142a\u0107. Galaretki nie trzeba po\u0142yka\u0107 i popija\u0107 wod\u0105, co zwi\u0119ksza jej wygod\u0119.<\/p>\n<p>Wa\u017cne jest, aby przestrzega\u0107 zalecanej dawki, zazwyczaj jednej saszetki dziennie, aby unikn\u0105\u0107 potencjalnych dzia\u0142a\u0144 niepo\u017c\u0105danych. Przyj\u0119cie wi\u0119kszej ilo\u015bci ni\u017c zalecana mo\u017ce zwi\u0119kszy\u0107 ryzyko wyst\u0105pienia dzia\u0142a\u0144 niepo\u017c\u0105danych i nale\u017cy go unika\u0107. U\u017cytkownicy powinni dok\u0142adnie przestrzega\u0107 instrukcji swojego lekarza, zw\u0142aszcza je\u015bli dopiero zaczynaj\u0105 stosowa\u0107 ten lek.<\/p>\n<h2>Jakie s\u0105 sk\u0142adniki aktywne Apcalis SX Oral Jelly?<\/h2>\n<p>G\u0142\u00f3wnym sk\u0142adnikiem aktywnym Apcalis SX Oral Jelly jest tadalafil. Zwi\u0105zek ten odpowiada za skuteczno\u015b\u0107 leku w leczeniu zaburze\u0144 erekcji poprzez hamowanie enzymu PDE5, co prowadzi do zwi\u0119kszonego nap\u0142ywu krwi do pr\u0105cia. Tadalafil znany jest ze swojego d\u0142ugotrwa\u0142ego dzia\u0142ania, co odr\u00f3\u017cnia go od innych kuracji na zaburzenia erekcji.<\/p>\n<p>Opr\u00f3cz tadalafilu galaretka zawiera szereg nieaktywnych sk\u0142adnik\u00f3w, kt\u00f3re wp\u0142ywaj\u0105 na jej smak i konsystencj\u0119. Mog\u0105 one obejmowa\u0107 s\u0142odziki, aromaty i \u017celatyn\u0119, dzi\u0119ki kt\u00f3rym galaretka jest smaczna i \u0142atwa do spo\u017cycia. Zawsze zaleca si\u0119 sprawdzenie opakowania pod k\u0105tem pe\u0142nej listy sk\u0142adnik\u00f3w, szczeg\u00f3lnie w przypadku os\u00f3b z alergiami lub wra\u017cliwo\u015bci\u0105.<\/p>\n<h2>Jak d\u0142ugo utrzymuje si\u0119 dzia\u0142anie Apcalis SX Oral Jelly?<\/h2>\n<p>Dzia\u0142anie Apcalis SX Oral Jelly mo\u017ce utrzymywa\u0107 si\u0119 do 36 godzin, co czyni go jednym z najd\u0142u\u017cej dzia\u0142aj\u0105cych lek\u00f3w na zaburzenia erekcji. Ten wyd\u0142u\u017cony czas trwania zapewnia znaczn\u0105 przewag\u0119, oferuj\u0105c wi\u0119ksz\u0105 spontaniczno\u015b\u0107 w por\u00f3wnaniu z innymi zabiegami, kt\u00f3re mog\u0105 wymaga\u0107 bardziej precyzyjnego czasu.<\/p>\n<p>Nie oznacza to jednak, \u017ce erekcja b\u0119dzie trwa\u0142a 36 godzin; raczej lek pozwala na popraw\u0119 reakcji erekcji podczas podniecenia seksualnego w tym okresie. D\u0142ugi czas dzia\u0142ania zapewnia elastyczno\u015b\u0107, precyzyjnie zmniejszaj\u0105c presj\u0119 na aktywno\u015b\u0107 seksualn\u0105.<\/p>\n<h2>Czy s\u0105 jakie\u015b skutki uboczne zwi\u0105zane z Apcalis SX Oral Jelly?<\/h2>\n<p>Jak ka\u017cdy lek, Apcalis SX Oral Jelly mo\u017ce powodowa\u0107 dzia\u0142ania niepo\u017c\u0105dane, chocia\u017c nie u ka\u017cdego one wyst\u0105pi\u0105. Cz\u0119ste dzia\u0142ania niepo\u017c\u0105dane obejmuj\u0105 b\u00f3le g\u0142owy, zaczerwienienie twarzy, przekrwienie nosa i niestrawno\u015b\u0107. S\u0105 one na og\u00f3\u0142 \u0142agodne i zwykle ust\u0119puj\u0105 w miar\u0119 dostosowywania si\u0119 organizmu do leku.<\/p>\n<p>W rzadkich przypadkach mog\u0105 <a href=\"https:\/\/dostawa-lekow.pl\/kupic-apcalis-sx-zel-doustny-bez-recepty\">https:\/\/dostawa-lekow.pl\/kupic-apcalis-sx-zel-doustny-bez-recepty<\/a> wyst\u0105pi\u0107 powa\u017cniejsze dzia\u0142ania niepo\u017c\u0105dane, takie jak zmiany widzenia, nag\u0142a utrata s\u0142uchu lub erekcja trwaj\u0105ca d\u0142u\u017cej ni\u017c cztery godziny (priapizm), kt\u00f3re wymagaj\u0105 natychmiastowej pomocy lekarskiej. Wa\u017cne jest, aby om\u00f3wi\u0107 wszelkie w\u0105tpliwo\u015bci z lekarzem, zw\u0142aszcza je\u015bli po za\u017cyciu leku pojawi\u0105 si\u0119 nietypowe objawy.<\/p>\n<h2>Czy Apcalis SX Oral Jelly mo\u017cna przyjmowa\u0107 z innymi lekami??<\/h2>\n<p>Przed za\u017cyciem Apcalis SX Oral Jelly razem z innymi lekami wa\u017cne jest, aby skonsultowa\u0107 si\u0119 z lekarzem. Jest to szczeg\u00f3lnie istotne w przypadku os\u00f3b przyjmuj\u0105cych azotany z powodu b\u00f3lu w klatce piersiowej, poniewa\u017c ich po\u0142\u0105czenie mo\u017ce prowadzi\u0107 do niebezpiecznego spadku ci\u015bnienia krwi. Podobnie zaleca si\u0119 ostro\u017cno\u015b\u0107 podczas \u0142\u0105czenia tego leku z alfa-blokerami lub innymi lekami na ci\u015bnienie krwi.<\/p>\n<p>Niekt\u00f3re leki i suplementy mog\u0105 wchodzi\u0107 w interakcje z tadalafilem, dlatego przekazanie lekarzowi pe\u0142nej listy aktualnie przyjmowanych lek\u00f3w i suplement\u00f3w jest niezb\u0119dne, aby unikn\u0105\u0107 potencjalnych interakcji. Zapewnia to bezpieczne i skuteczne stosowanie Apcalis SX Oral Jelly.<\/p>\n<h2>Czy na Apcalis SX Oral Jelly wymagana jest recepta?<\/h2>\n<p>W wi\u0119kszo\u015bci kraj\u00f3w, aby otrzyma\u0107 Apcalis SX Oral Jelly, wymagana jest recepta. Ma to na celu upewnienie si\u0119, \u017ce lek jest odpowiedni dla stanu pacjenta oraz \u017ce jest on \u015bwiadomy prawid\u0142owego stosowania i potencjalnych skutk\u00f3w ubocznych. Pracownik s\u0142u\u017cby zdrowia oceni, czy lek jest odpowiedni, na podstawie stanu zdrowia pacjenta i historii choroby.<\/p>\n<p>Uzyskanie recepty daje pewno\u015b\u0107, \u017ce lek jest autentyczny i bezpieczny, poniewa\u017c na rynku wyst\u0119puje wiele podr\u00f3bek. Daje tak\u017ce pacjentom mo\u017cliwo\u015b\u0107 om\u00f3wienia wszelkich pyta\u0144 i w\u0105tpliwo\u015bci z lekarzem, zapewniaj\u0105c \u015bwiadome i bezpieczne stosowanie.<\/p>\n<h2>Jakie s\u0105 instrukcje przechowywania Apcalis SX Oral Jelly?<\/h2>\n<p>Aby zachowa\u0107 skuteczno\u015b\u0107, Apcalis SX Oral Jelly nale\u017cy przechowywa\u0107 w ch\u0142odnym i suchym miejscu, z dala od bezpo\u015bredniego \u015bwiat\u0142a s\u0142onecznego. Wa\u017cne jest, aby do momentu u\u017cycia saszetki przechowywa\u0107 w oryginalnym opakowaniu, chroni\u0105c je przed dzia\u0142aniem wilgoci i powietrza.<\/p>\n<p>Zawsze sprawdzaj dat\u0119 wa\u017cno\u015bci na opakowaniu i unikaj u\u017cywania produktu po up\u0142ywie tej daty. W\u0142a\u015bciwe przechowywanie zapewnia skuteczno\u015b\u0107 i bezpiecze\u0144stwo leku, zmniejszaj\u0105c ryzyko utraty jego skuteczno\u015bci w miar\u0119 up\u0142ywu czasu.<\/p>\n<h2>Czy istniej\u0105 jakie\u015b ograniczenia dietetyczne podczas stosowania Apcalis SX Oral Jelly??<\/h2>\n<p>Chocia\u017c nie ma \u015bcis\u0142ych ogranicze\u0144 dietetycznych podczas stosowania Apcalis SX Oral Jelly, zaleca si\u0119 unikanie nadmiernego spo\u017cycia alkoholu. Alkohol mo\u017ce zak\u0142\u00f3ca\u0107 skuteczno\u015b\u0107 leku i zwi\u0119ksza\u0107 prawdopodobie\u0144stwo wyst\u0105pienia dzia\u0142a\u0144 niepo\u017c\u0105danych, takich jak zawroty g\u0142owy i b\u00f3le g\u0142owy.<\/p>\n<p>Ponadto nale\u017cy unika\u0107 grejpfrut\u00f3w i soku grejpfrutowego, poniewa\u017c mog\u0105 one wp\u0142ywa\u0107 na metabolizm tadalafilu w organizmie, co mo\u017ce prowadzi\u0107 do nasilenia dzia\u0142a\u0144 niepo\u017c\u0105danych. Utrzymanie zr\u00f3wnowa\u017conej diety i utrzymywanie nawodnienia mo\u017ce pom\u00f3c w zapewnieniu najlepszego mo\u017cliwego wyniku stosowania tego leku.<\/p>\n<h2>Co powinienem zrobi\u0107, je\u015bli pomin\u0105\u0142em dawk\u0119 Apcalis SX Oral Jelly??<\/h2>\n<p>Poniewa\u017c Apcalis SX Oral Jelly przyjmuje si\u0119 w razie potrzeby przed aktywno\u015bci\u0105 seksualn\u0105, nie ma regularnego schematu dawkowania. Dlatego pomini\u0119cie dawki zwykle nie stanowi problemu. Je\u017celi jednak przypadkowo pomini\u0119to zaplanowan\u0105 dawk\u0119, mo\u017cna j\u0105 przyj\u0105\u0107 tak szybko, jak to mo\u017cliwe, pod warunkiem, \u017ce nadal przewiduje si\u0119 aktywno\u015b\u0107 seksualn\u0105.<\/p>\n<p>Wa\u017cne jest przestrzeganie zasady nie przekraczania jednej dawki dziennie. Je\u015bli istniej\u0105 jakiekolwiek w\u0105tpliwo\u015bci co do sposobu post\u0119powania po pomini\u0119ciu dawki, konsultacja z lekarzem mo\u017ce zapewni\u0107 pewno\u015b\u0107 i wskaz\u00f3wki.<\/p>\n<h2>Czy s\u0105 jakie\u015b alternatywy dla Apcalis SX Oral Jelly??<\/h2>\n<p>Istnieje kilka alternatyw dla \u017celu doustnego Apcalis SX w leczeniu zaburze\u0144 erekcji, w tym inne leki doustne, takie jak Viagra (sildenafil), Levitra (wardenafil) i Stendra (avanafil). Ka\u017cdy z tych lek\u00f3w ma sw\u00f3j w\u0142asny czas wyst\u0105pienia i czas dzia\u0142ania, co pozwala na dostosowanie leczenia w oparciu o indywidualne potrzeby i preferencje.<\/p>\n<p>Opr\u00f3cz lek\u00f3w doustnych inne opcje leczenia obejmuj\u0105 zastrzyki pr\u0105cia, urz\u0105dzenia do erekcji pr\u00f3\u017cniowej i interwencje chirurgiczne, takie jak implanty pr\u0105cia. Zmiany stylu \u017cycia i poradnictwo psychologiczne mog\u0105 by\u0107 r\u00f3wnie\u017c korzystne, szczeg\u00f3lnie dla os\u00f3b, u kt\u00f3rych zaburzenia erekcji mog\u0105 mie\u0107 pod\u0142o\u017ce psychologiczne. Pacjenci powinni om\u00f3wi\u0107 te mo\u017cliwo\u015bci ze swoim lekarzem, aby okre\u015bli\u0107 najbardziej odpowiednie leczenie.<\/p>\n<h2>Czy kobiety mog\u0105 stosowa\u0107 \u017cel doustny Apcalis SX?<\/h2>\n<p>Apcalis SX Oral Jelly zosta\u0142 opracowany specjalnie dla m\u0119\u017cczyzn i nie jest zatwierdzony do stosowania przez kobiety. Lek dzia\u0142a na procesy fizjologiczne zwi\u0105zane z zaburzeniami erekcji u m\u0119\u017cczyzn, kt\u00f3re znacznie r\u00f3\u017cni\u0105 si\u0119 od zaburze\u0144 seksualnych u kobiet.<\/p>\n<p>Trwaj\u0105 badania nad sposobami leczenia dysfunkcji seksualnych u kobiet, a kobiety do\u015bwiadczaj\u0105ce takich problem\u00f3w powinny skonsultowa\u0107 si\u0119 z lekarzem w celu uzyskania odpowiedniej porady i opcji leczenia dostosowanych do ich potrzeb.<\/p>\n<h2>Jak Apcalis SX Oral Jelly wypada w por\u00f3wnaniu z innymi lekami na zaburzenia erekcji??<\/h2>\n<p>Apcalis SX Oral Jelly ma kilka zalet w por\u00f3wnaniu z innymi lekami na zaburzenia erekcji, przede wszystkim ze wzgl\u0119du na szybki pocz\u0105tek i \u0142atwo\u015b\u0107 u\u017cycia. Jego \u017celowa forma pozwala na szybsze wch\u0142anianie w por\u00f3wnaniu do tradycyjnych tabletek, co czyni go wygodnym wyborem dla wielu u\u017cytkownik\u00f3w.<\/p>\n<p>Chocia\u017c inne leki na zaburzenia erekcji, takie jak Viagra i Levitra, s\u0105 skuteczne, maj\u0105 one kr\u00f3tszy czas dzia\u0142ania w por\u00f3wnaniu z 36-godzinnym oknem zapewnianym przez Apcalis SX Oral Jelly. Jednak\u017ce indywidualna reakcja na leki mo\u017ce si\u0119 r\u00f3\u017cni\u0107, a niekt\u00f3rzy mog\u0105 preferowa\u0107 okre\u015blone efekty lub kr\u00f3tszy czas trwania alternatywnych metod leczenia. Ostatecznie przy wyborze leczenia nale\u017cy kierowa\u0107 si\u0119 osobistymi preferencjami, histori\u0105 choroby i rad\u0105 lekarza.<\/p>\n<h2>Co nale\u017cy zrobi\u0107 w przypadku przedawkowania leku Apcalis SX Oral Jelly?<\/h2>\n<p>W przypadku podejrzenia przedawkowania leku Apcalis SX Oral Jelly nale\u017cy natychmiast zwr\u00f3ci\u0107 si\u0119 o pomoc lekarsk\u0105. Objawy przedawkowania mog\u0105 obejmowa\u0107 silne zawroty g\u0142owy, omdlenia lub przed\u0142u\u017con\u0105 erekcj\u0119, kt\u00f3re mog\u0105 mie\u0107 powa\u017cne konsekwencje zdrowotne, je\u015bli nie zostan\u0105 szybko leczone.<\/p>\n<p>Chocia\u017c przedawkowanie tego leku jest rzadkie, podkre\u015bla to znaczenie przestrzegania przepisanych dawek i konsultacji z lekarzem, je\u015bli nie masz pewno\u015bci co do prawid\u0142owego stosowania leku. Wczesna interwencja mo\u017ce zapobiec potencjalnym powik\u0142aniom zwi\u0105zanym z przedawkowaniem.<\/p>\n<h2>Gdzie mo\u017cna bezpiecznie kupi\u0107 \u017cel doustny Apcalis SX?<\/h2>\n<p>Apcalis SX Oral Jelly nale\u017cy kupowa\u0107 w renomowanych aptekach, osobi\u015bcie lub za po\u015brednictwem zweryfikowanych platform internetowych. Aby unikn\u0105\u0107 podrobionych produkt\u00f3w, kt\u00f3re mog\u0105 by\u0107 nieskuteczne lub szkodliwe, nale\u017cy koniecznie upewni\u0107 si\u0119, \u017ce \u017ar\u00f3d\u0142o jest legalne.<\/p>\n<p>Skonsultowanie si\u0119 z lekarzem w celu uzyskania recepty mo\u017ce pom\u00f3c pacjentom w dotarciu do zaufanych \u017ar\u00f3de\u0142. Dodatkowo, szukanie aptek, kt\u00f3re wymagaj\u0105 recepty na zakup, jest dobrym wska\u017anikiem ich legalno\u015bci. Pacjenci powinni zachowa\u0107 ostro\u017cno\u015b\u0107 i unika\u0107 zakup\u00f3w w niezweryfikowanych \u017ar\u00f3d\u0142ach internetowych oferuj\u0105cych leki bez recepty.<\/p>\n","protected":false},"excerpt":{"rendered":"<p>Cz\u0119sto zadawane pytania dotycz\u0105ce \u017celu doustnego Apcalis SX Apcalis SX Oral Jelly to popularny lek na zaburzenia erekcji, oferuj\u0105cy unikaln\u0105 metod\u0119 podawania i szybk\u0105 skuteczno\u015b\u0107, ale rodzi kilka pyta\u0144 w\u015br\u00f3d u\u017cytkownik\u00f3w. Co to jest \u017cel doustny Apcalis SX i jak dzia\u0142a? Apcalis SX Oral Jelly to lek doustny opracowany specjalnie w celu leczenia zaburze\u0144 erekcji &hellip; <\/p>\n<p class=\"link-more\"><a href=\"http:\/\/wp-lcl.azurewebsites.net\/index.php\/co-to-jest-zel-doustny-apcalis-sx-i-jak-dziala\/\" class=\"more-link\">Continuer la lecture<span class=\"screen-reader-text\"> de &laquo;&nbsp;Co to jest \u017cel doustny Apcalis SX i jak dzia\u0142a?&nbsp;&raquo;<\/span><\/a><\/p>\n","protected":false},"author":1,"featured_media":0,"parent":0,"menu_order":0,"comment_status":"closed","ping_status":"closed","template":"","meta":{"footnotes":""},"class_list":["post-397941","page","type-page","status-publish","hentry"],"_links":{"self":[{"href":"http:\/\/wp-lcl.azurewebsites.net\/index.php\/wp-json\/wp\/v2\/pages\/397941","targetHints":{"allow":["GET"]}}],"collection":[{"href":"http:\/\/wp-lcl.azurewebsites.net\/index.php\/wp-json\/wp\/v2\/pages"}],"about":[{"href":"http:\/\/wp-lcl.azurewebsites.net\/index.php\/wp-json\/wp\/v2\/types\/page"}],"author":[{"embeddable":true,"href":"http:\/\/wp-lcl.azurewebsites.net\/index.php\/wp-json\/wp\/v2\/users\/1"}],"replies":[{"embeddable":true,"href":"http:\/\/wp-lcl.azurewebsites.net\/index.php\/wp-json\/wp\/v2\/comments?post=397941"}],"version-history":[{"count":1,"href":"http:\/\/wp-lcl.azurewebsites.net\/index.php\/wp-json\/wp\/v2\/pages\/397941\/revisions"}],"predecessor-version":[{"id":397944,"href":"http:\/\/wp-lcl.azurewebsites.net\/index.php\/wp-json\/wp\/v2\/pages\/397941\/revisions\/397944"}],"wp:attachment":[{"href":"http:\/\/wp-lcl.azurewebsites.net\/index.php\/wp-json\/wp\/v2\/media?parent=397941"}],"curies":[{"name":"wp","href":"https:\/\/api.w.org\/{rel}","templated":true}]}}